{"id":6943,"date":"2022-02-20T12:02:10","date_gmt":"2022-02-20T11:02:10","guid":{"rendered":"https:\/\/apartmanibarac.com\/cookie-richtlinie\/"},"modified":"2022-05-23T21:10:46","modified_gmt":"2022-05-23T19:10:46","slug":"cookie-richtlinie","status":"publish","type":"page","link":"https:\/\/apartmanibarac.com\/de\/cookie-richtlinie\/","title":{"rendered":"Cookie-Erkl\u00e4rung"},"content":{"rendered":"\t\t<div data-elementor-type=\"wp-page\" data-elementor-id=\"6943\" class=\"elementor elementor-6943 elementor-5618\">\n\t\t\t\t\t\t\t\t\t<section class=\"elementor-section elementor-top-section elementor-element elementor-element-4ed2038a elementor-section-full_width elementor-section-height-min-height elementor-section-items-bottom elementor-section-height-default\" data-id=\"4ed2038a\" data-element_type=\"section\" data-settings=\"{&quot;background_background&quot;:&quot;classic&quot;}\">\n\t\t\t\t\t\t<div class=\"elementor-container elementor-column-gap-default\">\n\t\t\t\t\t<div class=\"elementor-column elementor-col-100 elementor-top-column elementor-element elementor-element-4ababa83\" data-id=\"4ababa83\" data-element_type=\"column\">\n\t\t\t<div class=\"elementor-widget-wrap elementor-element-populated\">\n\t\t\t\t\t\t\t\t<div class=\"elementor-element elementor-element-419224b3 elementor-widget elementor-widget-heading\" data-id=\"419224b3\" data-element_type=\"widget\" data-widget_type=\"heading.default\">\n\t\t\t\t<div class=\"elementor-widget-container\">\n\t\t\t<style>\/*! elementor - v3.6.5 - 27-04-2022 *\/\n.elementor-heading-title{padding:0;margin:0;line-height:1}.elementor-widget-heading .elementor-heading-title[class*=elementor-size-]>a{color:inherit;font-size:inherit;line-height:inherit}.elementor-widget-heading .elementor-heading-title.elementor-size-small{font-size:15px}.elementor-widget-heading .elementor-heading-title.elementor-size-medium{font-size:19px}.elementor-widget-heading .elementor-heading-title.elementor-size-large{font-size:29px}.elementor-widget-heading .elementor-heading-title.elementor-size-xl{font-size:39px}.elementor-widget-heading .elementor-heading-title.elementor-size-xxl{font-size:59px}<\/style><h1 class=\"elementor-heading-title elementor-size-default\">Cookie-Erkl\u00e4rung<\/h1>\t\t<\/div>\n\t\t\t\t<\/div>\n\t\t\t\t\t<\/div>\n\t\t<\/div>\n\t\t\t\t\t\t\t<\/div>\n\t\t<\/section>\n\t\t\t\t<section class=\"elementor-section elementor-top-section elementor-element elementor-element-49e48cc elementor-section-boxed elementor-section-height-default elementor-section-height-default\" data-id=\"49e48cc\" data-element_type=\"section\">\n\t\t\t\t\t\t<div class=\"elementor-container elementor-column-gap-default\">\n\t\t\t\t\t<div class=\"elementor-column elementor-col-100 elementor-top-column elementor-element elementor-element-1ee2de2c\" data-id=\"1ee2de2c\" data-element_type=\"column\">\n\t\t\t<div class=\"elementor-widget-wrap elementor-element-populated\">\n\t\t\t\t\t\t\t\t<div class=\"elementor-element elementor-element-4a443c7a elementor-widget elementor-widget-text-editor\" data-id=\"4a443c7a\" data-element_type=\"widget\" data-widget_type=\"text-editor.default\">\n\t\t\t\t<div class=\"elementor-widget-container\">\n\t\t\t<style>\/*! elementor - v3.6.5 - 27-04-2022 *\/\n.elementor-widget-text-editor.elementor-drop-cap-view-stacked .elementor-drop-cap{background-color:#818a91;color:#fff}.elementor-widget-text-editor.elementor-drop-cap-view-framed .elementor-drop-cap{color:#818a91;border:3px solid;background-color:transparent}.elementor-widget-text-editor:not(.elementor-drop-cap-view-default) .elementor-drop-cap{margin-top:8px}.elementor-widget-text-editor:not(.elementor-drop-cap-view-default) .elementor-drop-cap-letter{width:1em;height:1em}.elementor-widget-text-editor .elementor-drop-cap{float:left;text-align:center;line-height:1;font-size:50px}.elementor-widget-text-editor .elementor-drop-cap-letter{display:inline-block}<\/style>\t\t\t\t<div class=\"cli_pg_page_contaner\"><h3><span style=\"vertical-align: inherit;\"><span style=\"vertical-align: inherit;\">O ovoj politici kola\u010di\u0107a<\/span><\/span><\/h3><div><p>Ova Pravila o kola\u010di\u0107ima obja\u0161njavaju \u0161to su kola\u010di\u0107i i kako ih koristimo, vrste kola\u010di\u0107a koje koristimo, tj. podatke koje prikupljamo pomo\u0107u kola\u010di\u0107a i kako se te informacije koriste te kako kontrolirati postavke kola\u010di\u0107a. Za dodatne informacije o tome kako koristimo, pohranjujemo i \u010duvamo va\u0161e osobne podatke, pogledajte na\u0161u Politiku privatnosti.  <\/p><p>U bilo kojem trenutku mo\u017eete promijeniti ili povu\u0107i svoj pristanak iz Izjave o kola\u010di\u0107ima na na\u0161oj web stranici.<br>Saznajte vi\u0161e o tome tko smo, kako nas mo\u017eete kontaktirati i kako obra\u0111ujemo osobne podatke u na\u0161im Pravilima privatnosti.<br>Va\u0161 pristanak se odnosi na sljede\u0107e domene: apartmanibarac.com<\/p><p><span style=\"vertical-align: inherit;\"><span style=\"vertical-align: inherit;\"><div class=\"cli_user_consent_state\">Dein aktueller Status: Keine Einwilligung erteilt. <a class=\"cli_manage_current_consent\" style=\"cursor:pointer;text-decoration:underline;\">Verwalte deine Einwilligung<\/a> <\/div><\/span><\/span><\/p><\/div><h3><span style=\"vertical-align: inherit;\"><span style=\"vertical-align: inherit;\">\u0160to su kola\u010di\u0107i?<\/span><\/span><\/h3><div>Kola\u010di\u0107i su male tekstualne datoteke koje se koriste za pohranjivanje malih dijelova informacija. Pohranjuju se na va\u0161em ure\u0111aju kada se web stranica u\u010dita u va\u0161 preglednik. Ovi kola\u010di\u0107i nam poma\u017eu da web stranica ispravno radi, \u010dine je sigurnijom, pru\u017ei bolje korisni\u010dko iskustvo i razumijete kako web stranica radi te analiziramo \u0161to radi i gdje je potrebno pobolj\u0161ati.  <\/div><h3><span style=\"vertical-align: inherit;\"><span style=\"vertical-align: inherit;\">Kako koristimo kola\u010di\u0107e?<\/span><\/span><\/h3><div><p>Kao i ve\u0107ina online usluga, na\u0161a web stranica koristi kola\u010di\u0107e prve i tre\u0107e strane u nekoliko namjena. Kola\u010di\u0107i prve strane uglavnom su nu\u017eni za ispravno funkcioniranje web stranice i ne prikupljaju va\u0161e osobne podatke.<\/p><p>Kola\u010di\u0107i tre\u0107ih strana koji se koriste na na\u0161em web-mjestu uglavnom slu\u017ee za razumijevanje na\u010dina na koji web-mjesto radi, kako komunicirate s na\u0161om web-stranicom, kako bi na\u0161e usluge bile sigurne, pru\u017eale oglase koji su relevantni za vas, a sve u svemu da bi vam omogu\u0107ili bolje i pobolj\u0161ano korisni\u010dko iskustvo. Pomo\u0107i \u0107e Vam da ubrzate svoju budu\u0107u interakciju s na\u0161om web-stranicom.<\/p><\/div><h3>Koje vrste kola\u010di\u0107a koristimo?<\/h3><div><p>Bitne (Essential): Neki kola\u010di\u0107i su neophodni da biste mogli iskusiti punu funkcionalnost na\u0161e stranice. Omogu\u0107uju nam odr\u017eavanje korisni\u010dkih sesija i sprje\u010davanje bilo kakvih sigurnosnih prijetnji. Ne prikupljaju niti pohranjuju nikakve osobne podatke. Na primjer, ovi kola\u010di\u0107i vam omogu\u0107uju da se prijavite na svoj ra\u010dun i dodate proizvode u ko\u0161aricu te sigurnu naplatu.<\/p><p>Statisti\u010dke (Statistics): Ovi kola\u010di\u0107i pohranjuju informacije kao \u0161to su broj posjetitelja web stranice, broj jedinstvenih posjetitelja, koje su stranice web stranice posje\u0107ene, izvor posjeta, itd. Ovi podaci nam poma\u017eu razumjeti i analizirati koliko dobro funkcionira web stranica i gdje treba pobolj\u0161ati.<\/p><p>Marketin\u0161ke (Marketing): Na\u0161a web stranica prikazuje reklame. Ovi kola\u010di\u0107i se koriste za personalizaciju reklama koje vam prikazujemo kako bi vam bile zna\u010dajne. Ovi kola\u010di\u0107i nam tako\u0111er poma\u017eu pratiti u\u010dinkovitost ovih oglasnih kampanja.<br>Podatke pohranjene u ovim kola\u010di\u0107ima tako\u0111er mogu koristiti tre\u0107e strane davatelji oglasa kako bi vam prikazali oglase i na drugim web stranicama u pregledniku.<\/p><p>Funkcionalne (Functional): To su kola\u010di\u0107i koji poma\u017eu odre\u0111enim nebitnim funkcijama na na\u0161oj web stranici. Te funkcije uklju\u010duju ugra\u0111ivanje sadr\u017eaja poput videozapisa ili dijeljenje sadr\u017eaja web stranice na platformama dru\u0161tvenih medija.<\/p><p>Postavke (Preferences): Ovi kola\u010di\u0107i nam poma\u017eu pohraniti va\u0161e postavke i postavke pregledavanja kao \u0161to su jezi\u010dne postavke kako biste imali bolje i u\u010dinkovitije iskustvo pri budu\u0107im posjetama web stranici.<\/p><\/div><h3>Kako mogu kontrolirati postavke kola\u010di\u0107a?<\/h3><div><p>Ako odlu\u010dite promijeniti svoje postavke kasnije tijekom sesije pregledavanja, mo\u017eete kliknuti karticu &#8222;Pravila o privatnosti i kola\u010di\u0107ima&#8220; na svom zaslonu. Ovo \u0107e ponovno prikazati obavijest o pristanku koja vam omogu\u0107uje da promijenite svoje postavke ili u potpunosti povu\u010dete privolu.<\/p><p>Osim toga, razli\u010diti preglednici pru\u017eaju razli\u010dite metode za blokiranje i brisanje kola\u010di\u0107a koje koriste web stranice. Mo\u017eete promijeniti postavke va\u0161eg preglednika da blokirate\/bri\u0161ete kola\u010di\u0107e. Da biste saznali vi\u0161e o tome kako upravljati i brisati kola\u010di\u0107e, posjetite wikipedia.org, www.allaboutcookies.org.<\/p><\/div><\/div>\t\t\t\t\t\t<\/div>\n\t\t\t\t<\/div>\n\t\t\t\t\t<\/div>\n\t\t<\/div>\n\t\t\t\t\t\t\t<\/div>\n\t\t<\/section>\n\t\t\t\t\t\t\t<\/div>\n\t\t","protected":false},"excerpt":{"rendered":"<p>Cookie-Erkl\u00e4rung O ovoj politici kola\u010di\u0107a Ova Pravila o kola\u010di\u0107ima obja\u0161njavaju \u0161to su kola\u010di\u0107i i kako ih koristimo, vrste kola\u010di\u0107a koje koristimo, tj. podatke koje prikupljamo pomo\u0107u kola\u010di\u0107a i kako se te informacije koriste te kako kontrolirati postavke kola\u010di\u0107a. Za dodatne informacije o tome kako koristimo, pohranjujemo i \u010duvamo va\u0161e osobne podatke, pogledajte na\u0161u Politiku privatnosti. U bilo kojem trenutku mo\u017eete promijeniti ili povu\u0107i svoj pristanak iz Izjave o kola\u010di\u0107ima na na\u0161oj web stranici.Saznajte vi\u0161e o tome tko smo, kako nas mo\u017eete kontaktirati i kako obra\u0111ujemo osobne podatke u na\u0161im Pravilima privatnosti.Va\u0161 pristanak se odnosi na sljede\u0107e domene: apartmanibarac.com \u0160to su\u2026<\/p>\n","protected":false},"author":1,"featured_media":0,"parent":0,"menu_order":0,"comment_status":"closed","ping_status":"closed","template":"elementor_header_footer","meta":[],"blocksy_meta":{"styles_descriptor":{"styles":{"desktop":"","tablet":"","mobile":""},"google_fonts":[],"version":5}},"_links":{"self":[{"href":"https:\/\/apartmanibarac.com\/de\/wp-json\/wp\/v2\/pages\/6943"}],"collection":[{"href":"https:\/\/apartmanibarac.com\/de\/wp-json\/wp\/v2\/pages"}],"about":[{"href":"https:\/\/apartmanibarac.com\/de\/wp-json\/wp\/v2\/types\/page"}],"author":[{"embeddable":true,"href":"https:\/\/apartmanibarac.com\/de\/wp-json\/wp\/v2\/users\/1"}],"replies":[{"embeddable":true,"href":"https:\/\/apartmanibarac.com\/de\/wp-json\/wp\/v2\/comments?post=6943"}],"version-history":[{"count":7,"href":"https:\/\/apartmanibarac.com\/de\/wp-json\/wp\/v2\/pages\/6943\/revisions"}],"predecessor-version":[{"id":7497,"href":"https:\/\/apartmanibarac.com\/de\/wp-json\/wp\/v2\/pages\/6943\/revisions\/7497"}],"wp:attachment":[{"href":"https:\/\/apartmanibarac.com\/de\/wp-json\/wp\/v2\/media?parent=6943"}],"curies":[{"name":"wp","href":"https:\/\/api.w.org\/{rel}","templated":true}]}}